{"id":5797,"date":"2025-05-10T11:40:47","date_gmt":"2025-05-10T15:40:47","guid":{"rendered":"https:\/\/musicandbeyond.ca\/product\/le-passeport-adulte\/"},"modified":"2025-08-27T11:09:13","modified_gmt":"2025-08-27T15:09:13","slug":"passeport-regulier","status":"publish","type":"product","link":"https:\/\/musicandbeyond.ca\/fr\/product\/passeport-regulier\/","title":{"rendered":"Le Passeport R\u00e9gulier 2026"},"content":{"rendered":"","protected":false},"excerpt":{"rendered":"<p><strong>Le Passeport R\u00e9gulier de Musique et Autres Mondes est destin\u00e9 \u00e0 toute personne \u00e2g\u00e9e de 26 ans et plus. Tarif par personne.<\/strong><\/p>\n<p>Profitez de r\u00e9ductions imm\u00e9diates en achetant un Passeport pour le festival !<\/p>\n<p><strong>Le Passeport R\u00e9gulier 2026 <\/strong>est une offre exceptionnelle du Festival d&rsquo;\u00e9t\u00e9 Musique et Autres Mondes. Le <strong>Passeport R\u00e9gulier de Musique et Autres Mondes <\/strong>vous permet d&rsquo;assister \u00e0 tous les concerts r\u00e9guliers de 2026 sans frais suppl\u00e9mentaires. Vous b\u00e9n\u00e9ficiez de r\u00e9ductions sp\u00e9ciales sur tous les \u00e9v\u00e9nements Premium pendant le festival 2026.<\/p>\n<p><strong>Le Passeport R\u00e9gulier 2026 <\/strong>comprend une place en admission g\u00e9n\u00e9rale pour tous les \u00e9v\u00e9nements <strong>r\u00e9guliers <\/strong>du festival et un tarif r\u00e9duit pour tous les \u00e9v\u00e9nements <strong>Premium <\/strong>du festival en 2026. Recherchez les billets \u00e0 prix r\u00e9duit portant la mention \u00ab &#8230; avec Passeport ! \u00bb.<\/p>\n<p><em>Le Passeport R\u00e9gulier de Musique et Autres Mondes est un passeport physique non transf\u00e9rable. Vous devrez pr\u00e9senter votre Passeport \u00e0 l\u2019entr\u00e9e.<\/em><\/p>\n","protected":false},"featured_media":16149,"template":"","meta":{"_acf_changed":false,"_price":"160","_stock":"","_tribe_ticket_header":"","_tribe_default_ticket_provider":"","_tribe_ticket_capacity":"46","_ticket_start_date":"","_ticket_end_date":"","_tribe_ticket_show_description":"","_tribe_ticket_show_not_going":false,"_tribe_ticket_use_global_stock":"","_tribe_ticket_global_stock_level":"","_global_stock_mode":"","_global_stock_cap":"","_tribe_rsvp_for_event":"","_tribe_ticket_going_count":"","_tribe_ticket_not_going_count":"","_tribe_tickets_list":"[]","_tribe_ticket_has_attendee_info_fields":false,"_tec_slr_enabled":"","_tec_slr_layout":""},"product_brand":[],"product_cat":[73],"product_tag":[],"class_list":{"0":"post-5797","1":"product","2":"type-product","3":"status-publish","4":"has-post-thumbnail","6":"product_cat-passes-2026-fr","8":"first","9":"instock","10":"sale","11":"downloadable","12":"taxable","13":"shipping-taxable","14":"purchasable","15":"product-type-simple"},"acf":[],"yoast_head":"<!-- This site is optimized with the Yoast SEO plugin v27.2 - https:\/\/yoast.com\/product\/yoast-seo-wordpress\/ -->\n<title>Le Passeport R\u00e9gulier 2026 - Musique et Autres Mondes<\/title>\n<meta name=\"description\" content=\"Le Passeport R\u00e9gulier 2026 pour Musique et Autres Mondes. Apprenez-en davantage sur nos \u00e9v\u00e9nements, concerts et exp\u00e9riences exclusives.\" \/>\n<meta name=\"robots\" content=\"index, follow, max-snippet:-1, max-image-preview:large, max-video-preview:-1\" \/>\n<link rel=\"canonical\" href=\"https:\/\/musicandbeyond.ca\/fr\/product\/passeport-regulier\/\" \/>\n<meta property=\"og:locale\" content=\"fr_FR\" \/>\n<meta property=\"og:type\" content=\"article\" \/>\n<meta property=\"og:title\" content=\"Le Passeport R\u00e9gulier 2026 - Musique et Autres Mondes\" \/>\n<meta property=\"og:description\" content=\"Le Passeport R\u00e9gulier 2026 pour Musique et Autres Mondes. Apprenez-en davantage sur nos \u00e9v\u00e9nements, concerts et exp\u00e9riences exclusives.\" \/>\n<meta property=\"og:url\" content=\"https:\/\/musicandbeyond.ca\/fr\/product\/passeport-regulier\/\" \/>\n<meta property=\"og:site_name\" content=\"Musique et Autres Mondes\" \/>\n<meta property=\"article:publisher\" content=\"https:\/\/www.facebook.com\/musicandbeyond\" \/>\n<meta property=\"article:modified_time\" content=\"2025-08-27T15:09:13+00:00\" \/>\n<meta property=\"og:image\" content=\"https:\/\/musicandbeyond.ca\/wp-content\/uploads\/2025\/08\/Memberships_2026_R-1.png\" \/>\n\t<meta property=\"og:image:width\" content=\"960\" \/>\n\t<meta property=\"og:image:height\" content=\"1260\" \/>\n\t<meta property=\"og:image:type\" content=\"image\/png\" \/>\n<meta name=\"twitter:card\" content=\"summary_large_image\" \/>\n<meta name=\"twitter:site\" content=\"@musicbeyondott\" \/>\n<meta name=\"twitter:label1\" content=\"Dur\u00e9e de lecture estim\u00e9e\" \/>\n\t<meta name=\"twitter:data1\" content=\"1 minute\" \/>\n<script type=\"application\/ld+json\" class=\"yoast-schema-graph\">{\"@context\":\"https:\/\/schema.org\",\"@graph\":[{\"@type\":\"WebPage\",\"@id\":\"https:\/\/musicandbeyond.ca\/fr\/product\/passeport-regulier\/\",\"url\":\"https:\/\/musicandbeyond.ca\/fr\/product\/passeport-regulier\/\",\"name\":\"Le Passeport R\u00e9gulier 2026 - Musique et Autres Mondes\",\"isPartOf\":{\"@id\":\"https:\/\/musicandbeyond.ca\/fr\/#website\"},\"primaryImageOfPage\":{\"@id\":\"https:\/\/musicandbeyond.ca\/fr\/product\/passeport-regulier\/#primaryimage\"},\"image\":{\"@id\":\"https:\/\/musicandbeyond.ca\/fr\/product\/passeport-regulier\/#primaryimage\"},\"thumbnailUrl\":\"https:\/\/musicandbeyond.ca\/wp-content\/uploads\/2025\/08\/Memberships_2026_R-1.png\",\"datePublished\":\"2025-05-10T15:40:47+00:00\",\"dateModified\":\"2025-08-27T15:09:13+00:00\",\"description\":\"Le Passeport R\u00e9gulier 2026 pour Musique et Autres Mondes. Apprenez-en davantage sur nos \u00e9v\u00e9nements, concerts et exp\u00e9riences exclusives.\",\"breadcrumb\":{\"@id\":\"https:\/\/musicandbeyond.ca\/fr\/product\/passeport-regulier\/#breadcrumb\"},\"inLanguage\":\"fr-FR\",\"potentialAction\":[{\"@type\":\"ReadAction\",\"target\":[\"https:\/\/musicandbeyond.ca\/fr\/product\/passeport-regulier\/\"]}]},{\"@type\":\"ImageObject\",\"inLanguage\":\"fr-FR\",\"@id\":\"https:\/\/musicandbeyond.ca\/fr\/product\/passeport-regulier\/#primaryimage\",\"url\":\"https:\/\/musicandbeyond.ca\/wp-content\/uploads\/2025\/08\/Memberships_2026_R-1.png\",\"contentUrl\":\"https:\/\/musicandbeyond.ca\/wp-content\/uploads\/2025\/08\/Memberships_2026_R-1.png\",\"width\":960,\"height\":1260},{\"@type\":\"BreadcrumbList\",\"@id\":\"https:\/\/musicandbeyond.ca\/fr\/product\/passeport-regulier\/#breadcrumb\",\"itemListElement\":[{\"@type\":\"ListItem\",\"position\":1,\"name\":\"Home\",\"item\":\"https:\/\/musicandbeyond.ca\/fr\/\"},{\"@type\":\"ListItem\",\"position\":2,\"name\":\"Produits\",\"item\":\"https:\/\/musicandbeyond.ca\/fr\/shop\/\"},{\"@type\":\"ListItem\",\"position\":3,\"name\":\"Le Passeport R\u00e9gulier 2026\"}]},{\"@type\":\"WebSite\",\"@id\":\"https:\/\/musicandbeyond.ca\/fr\/#website\",\"url\":\"https:\/\/musicandbeyond.ca\/fr\/\",\"name\":\"Music and Beyond\",\"description\":\"4-17 juillet\",\"publisher\":{\"@id\":\"https:\/\/musicandbeyond.ca\/fr\/#organization\"},\"alternateName\":\"M&B\",\"potentialAction\":[{\"@type\":\"SearchAction\",\"target\":{\"@type\":\"EntryPoint\",\"urlTemplate\":\"https:\/\/musicandbeyond.ca\/fr\/?s={search_term_string}\"},\"query-input\":{\"@type\":\"PropertyValueSpecification\",\"valueRequired\":true,\"valueName\":\"search_term_string\"}}],\"inLanguage\":\"fr-FR\"},{\"@type\":\"Organization\",\"@id\":\"https:\/\/musicandbeyond.ca\/fr\/#organization\",\"name\":\"Music and beyond | Musique et Autres Mondes\",\"url\":\"https:\/\/musicandbeyond.ca\/fr\/\",\"logo\":{\"@type\":\"ImageObject\",\"inLanguage\":\"fr-FR\",\"@id\":\"https:\/\/musicandbeyond.ca\/fr\/#\/schema\/logo\/image\/\",\"url\":\"\",\"contentUrl\":\"\",\"caption\":\"Music and beyond | Musique et Autres Mondes\"},\"image\":{\"@id\":\"https:\/\/musicandbeyond.ca\/fr\/#\/schema\/logo\/image\/\"},\"sameAs\":[\"https:\/\/www.facebook.com\/musicandbeyond\",\"https:\/\/x.com\/musicbeyondott\",\"https:\/\/www.instagram.com\/musicbeyondott\/\",\"https:\/\/www.youtube.com\/user\/musicandbeyondvideo\"]}]}<\/script>\n<!-- \/ Yoast SEO plugin. -->","yoast_head_json":{"title":"Le Passeport R\u00e9gulier 2026 - Musique et Autres Mondes","description":"Le Passeport R\u00e9gulier 2026 pour Musique et Autres Mondes. Apprenez-en davantage sur nos \u00e9v\u00e9nements, concerts et exp\u00e9riences exclusives.","robots":{"index":"index","follow":"follow","max-snippet":"max-snippet:-1","max-image-preview":"max-image-preview:large","max-video-preview":"max-video-preview:-1"},"canonical":"https:\/\/musicandbeyond.ca\/fr\/product\/passeport-regulier\/","og_locale":"fr_FR","og_type":"article","og_title":"Le Passeport R\u00e9gulier 2026 - Musique et Autres Mondes","og_description":"Le Passeport R\u00e9gulier 2026 pour Musique et Autres Mondes. Apprenez-en davantage sur nos \u00e9v\u00e9nements, concerts et exp\u00e9riences exclusives.","og_url":"https:\/\/musicandbeyond.ca\/fr\/product\/passeport-regulier\/","og_site_name":"Musique et Autres Mondes","article_publisher":"https:\/\/www.facebook.com\/musicandbeyond","article_modified_time":"2025-08-27T15:09:13+00:00","og_image":[{"width":960,"height":1260,"url":"https:\/\/musicandbeyond.ca\/wp-content\/uploads\/2025\/08\/Memberships_2026_R-1.png","type":"image\/png"}],"twitter_card":"summary_large_image","twitter_site":"@musicbeyondott","twitter_misc":{"Dur\u00e9e de lecture estim\u00e9e":"1 minute"},"schema":{"@context":"https:\/\/schema.org","@graph":[{"@type":"WebPage","@id":"https:\/\/musicandbeyond.ca\/fr\/product\/passeport-regulier\/","url":"https:\/\/musicandbeyond.ca\/fr\/product\/passeport-regulier\/","name":"Le Passeport R\u00e9gulier 2026 - Musique et Autres Mondes","isPartOf":{"@id":"https:\/\/musicandbeyond.ca\/fr\/#website"},"primaryImageOfPage":{"@id":"https:\/\/musicandbeyond.ca\/fr\/product\/passeport-regulier\/#primaryimage"},"image":{"@id":"https:\/\/musicandbeyond.ca\/fr\/product\/passeport-regulier\/#primaryimage"},"thumbnailUrl":"https:\/\/musicandbeyond.ca\/wp-content\/uploads\/2025\/08\/Memberships_2026_R-1.png","datePublished":"2025-05-10T15:40:47+00:00","dateModified":"2025-08-27T15:09:13+00:00","description":"Le Passeport R\u00e9gulier 2026 pour Musique et Autres Mondes. Apprenez-en davantage sur nos \u00e9v\u00e9nements, concerts et exp\u00e9riences exclusives.","breadcrumb":{"@id":"https:\/\/musicandbeyond.ca\/fr\/product\/passeport-regulier\/#breadcrumb"},"inLanguage":"fr-FR","potentialAction":[{"@type":"ReadAction","target":["https:\/\/musicandbeyond.ca\/fr\/product\/passeport-regulier\/"]}]},{"@type":"ImageObject","inLanguage":"fr-FR","@id":"https:\/\/musicandbeyond.ca\/fr\/product\/passeport-regulier\/#primaryimage","url":"https:\/\/musicandbeyond.ca\/wp-content\/uploads\/2025\/08\/Memberships_2026_R-1.png","contentUrl":"https:\/\/musicandbeyond.ca\/wp-content\/uploads\/2025\/08\/Memberships_2026_R-1.png","width":960,"height":1260},{"@type":"BreadcrumbList","@id":"https:\/\/musicandbeyond.ca\/fr\/product\/passeport-regulier\/#breadcrumb","itemListElement":[{"@type":"ListItem","position":1,"name":"Home","item":"https:\/\/musicandbeyond.ca\/fr\/"},{"@type":"ListItem","position":2,"name":"Produits","item":"https:\/\/musicandbeyond.ca\/fr\/shop\/"},{"@type":"ListItem","position":3,"name":"Le Passeport R\u00e9gulier 2026"}]},{"@type":"WebSite","@id":"https:\/\/musicandbeyond.ca\/fr\/#website","url":"https:\/\/musicandbeyond.ca\/fr\/","name":"Music and Beyond","description":"4-17 juillet","publisher":{"@id":"https:\/\/musicandbeyond.ca\/fr\/#organization"},"alternateName":"M&B","potentialAction":[{"@type":"SearchAction","target":{"@type":"EntryPoint","urlTemplate":"https:\/\/musicandbeyond.ca\/fr\/?s={search_term_string}"},"query-input":{"@type":"PropertyValueSpecification","valueRequired":true,"valueName":"search_term_string"}}],"inLanguage":"fr-FR"},{"@type":"Organization","@id":"https:\/\/musicandbeyond.ca\/fr\/#organization","name":"Music and beyond | Musique et Autres Mondes","url":"https:\/\/musicandbeyond.ca\/fr\/","logo":{"@type":"ImageObject","inLanguage":"fr-FR","@id":"https:\/\/musicandbeyond.ca\/fr\/#\/schema\/logo\/image\/","url":"","contentUrl":"","caption":"Music and beyond | Musique et Autres Mondes"},"image":{"@id":"https:\/\/musicandbeyond.ca\/fr\/#\/schema\/logo\/image\/"},"sameAs":["https:\/\/www.facebook.com\/musicandbeyond","https:\/\/x.com\/musicbeyondott","https:\/\/www.instagram.com\/musicbeyondott\/","https:\/\/www.youtube.com\/user\/musicandbeyondvideo"]}]}},"_links":{"self":[{"href":"https:\/\/musicandbeyond.ca\/fr\/wp-json\/wp\/v2\/product\/5797","targetHints":{"allow":["GET"]}}],"collection":[{"href":"https:\/\/musicandbeyond.ca\/fr\/wp-json\/wp\/v2\/product"}],"about":[{"href":"https:\/\/musicandbeyond.ca\/fr\/wp-json\/wp\/v2\/types\/product"}],"version-history":[{"count":0,"href":"https:\/\/musicandbeyond.ca\/fr\/wp-json\/wp\/v2\/product\/5797\/revisions"}],"wp:featuredmedia":[{"embeddable":true,"href":"https:\/\/musicandbeyond.ca\/fr\/wp-json\/wp\/v2\/media\/16149"}],"wp:attachment":[{"href":"https:\/\/musicandbeyond.ca\/fr\/wp-json\/wp\/v2\/media?parent=5797"}],"wp:term":[{"taxonomy":"product_brand","embeddable":true,"href":"https:\/\/musicandbeyond.ca\/fr\/wp-json\/wp\/v2\/product_brand?post=5797"},{"taxonomy":"product_cat","embeddable":true,"href":"https:\/\/musicandbeyond.ca\/fr\/wp-json\/wp\/v2\/product_cat?post=5797"},{"taxonomy":"product_tag","embeddable":true,"href":"https:\/\/musicandbeyond.ca\/fr\/wp-json\/wp\/v2\/product_tag?post=5797"}],"curies":[{"name":"wp","href":"https:\/\/api.w.org\/{rel}","templated":true}]}}