{"id":2619,"date":"2025-01-21T14:25:26","date_gmt":"2025-01-21T19:25:26","guid":{"rendered":"https:\/\/musicandbeyond.ca\/?page_id=2619"},"modified":"2026-03-05T00:06:59","modified_gmt":"2026-03-05T05:06:59","slug":"passeports","status":"publish","type":"page","link":"https:\/\/musicandbeyond.ca\/fr\/passeports\/","title":{"rendered":"Passeports Festival"},"content":{"rendered":"\t\t<div data-elementor-type=\"wp-page\" data-elementor-id=\"2619\" class=\"elementor elementor-2619 elementor-207\" data-elementor-post-type=\"page\">\n\t\t\t\t<div class=\"elementor-element elementor-element-63bf4824 e-flex e-con-boxed e-con e-parent\" data-id=\"63bf4824\" data-element_type=\"container\" data-e-type=\"container\">\n\t\t\t\t\t<div class=\"e-con-inner\">\n\t\t\t\t<div class=\"elementor-element elementor-element-50242353 elementor-widget-mobile__width-inherit elementor-widget__width-initial elementor-widget elementor-widget-heading\" data-id=\"50242353\" data-element_type=\"widget\" data-e-type=\"widget\" data-widget_type=\"heading.default\">\n\t\t\t\t\t<h2 class=\"elementor-heading-title elementor-size-default\">Passeports pour le festival Musique et Autres Mondes<\/h2>\t\t\t\t<\/div>\n\t\t\t\t<div class=\"elementor-element elementor-element-74f632f3 elementor-widget__width-initial elementor-widget-mobile__width-inherit elementor-widget elementor-widget-text-editor\" data-id=\"74f632f3\" data-element_type=\"widget\" data-e-type=\"widget\" data-widget_type=\"text-editor.default\">\n\t\t\t\t\t\t\t\t\t<p style=\"text-align: center;\">Profitez d\u2019\u00e9conomies instantan\u00e9es en achetant un passeport pour le festival !<\/p><p style=\"text-align: center;\">Le passeport de Musique et Autres Mondes est un passeport physique, non transf\u00e9rable. Vous devrez pr\u00e9senter votre passeport \u00e0 l\u2019entr\u00e9e.<\/p>\t\t\t\t\t\t\t\t<\/div>\n\t\t\t\t\t<\/div>\n\t\t\t\t<\/div>\n\t\t<div class=\"elementor-element elementor-element-1efe772e e-flex e-con-boxed e-con e-parent\" data-id=\"1efe772e\" data-element_type=\"container\" data-e-type=\"container\">\n\t\t\t\t\t<div class=\"e-con-inner\">\n\t\t<div class=\"elementor-element elementor-element-683b62b1 e-con-full e-flex e-con e-child\" data-id=\"683b62b1\" data-element_type=\"container\" data-e-type=\"container\" data-settings=\"{&quot;background_background&quot;:&quot;classic&quot;}\">\n\t\t<div class=\"elementor-element elementor-element-ef332f6 e-con-full e-flex e-con e-child\" data-id=\"ef332f6\" data-element_type=\"container\" data-e-type=\"container\">\n\t\t\t\t<div class=\"elementor-element elementor-element-52b4eb4f elementor-widget elementor-widget-heading\" data-id=\"52b4eb4f\" data-element_type=\"widget\" data-e-type=\"widget\" data-widget_type=\"heading.default\">\n\t\t\t\t\t<h2 class=\"elementor-heading-title elementor-size-default\">Passeport Jeunes<\/h2>\t\t\t\t<\/div>\n\t\t\t\t<\/div>\n\t\t<div class=\"elementor-element elementor-element-4daf47a8 e-con-full e-flex e-con e-child\" data-id=\"4daf47a8\" data-element_type=\"container\" data-e-type=\"container\">\n\t\t\t\t<div class=\"elementor-element elementor-element-60c90456 elementor-widget elementor-widget-text-editor\" data-id=\"60c90456\" data-element_type=\"widget\" data-e-type=\"widget\" data-widget_type=\"text-editor.default\">\n\t\t\t\t\t\t\t\t\t<p>$60<\/p>\t\t\t\t\t\t\t\t<\/div>\n\t\t\t\t<div class=\"elementor-element elementor-element-5c20919f elementor-widget elementor-widget-text-editor\" data-id=\"5c20919f\" data-element_type=\"widget\" data-e-type=\"widget\" data-widget_type=\"text-editor.default\">\n\t\t\t\t\t\t\t\t\t<p>par personne<\/p>\t\t\t\t\t\t\t\t<\/div>\n\t\t\t\t<\/div>\n\t\t<div class=\"elementor-element elementor-element-3a13082d e-con-full e-flex e-con e-child\" data-id=\"3a13082d\" data-element_type=\"container\" data-e-type=\"container\">\n\t\t\t\t<div class=\"elementor-element elementor-element-5947add2 elementor-widget elementor-widget-heading\" data-id=\"5947add2\" data-element_type=\"widget\" data-e-type=\"widget\" data-widget_type=\"heading.default\">\n\t\t\t\t\t<h2 class=\"elementor-heading-title elementor-size-default\">Prix r\u00e9gulier 80 $<\/h2>\t\t\t\t<\/div>\n\t\t\t\t<\/div>\n\t\t<div class=\"elementor-element elementor-element-5ab787db e-con-full e-flex e-con e-child\" data-id=\"5ab787db\" data-element_type=\"container\" data-e-type=\"container\">\n\t\t\t\t<div class=\"elementor-element elementor-element-12d5155f elementor-widget elementor-widget-text-editor\" data-id=\"12d5155f\" data-element_type=\"widget\" data-e-type=\"widget\" data-widget_type=\"text-editor.default\">\n\t\t\t\t\t\t\t\t\t<p><em><strong>Le Passeport Jeunes est destin\u00e9 \u00e0 toute personne \u00e2g\u00e9e de moins de 25 ans.<\/strong><\/em><\/p><p><strong>Comprend l\u2019entr\u00e9e \u00e0 tous les concerts r\u00e9guliers du Festival.<\/strong><\/p><p><strong>Recevez des r\u00e9ductions sur tous les \u00e9v\u00e9nements Premium. Recherchez les billets \u00e0 prix r\u00e9duit portant la mention <br \/>\u00ab\u2026avec passeport ! \u00bb<\/strong><\/p>\t\t\t\t\t\t\t\t<\/div>\n\t\t\t\t<div class=\"elementor-element elementor-element-772d1e36 elementor-widget elementor-widget-button\" data-id=\"772d1e36\" data-element_type=\"widget\" data-e-type=\"widget\" data-widget_type=\"button.default\">\n\t\t\t\t\t\t\t\t\t\t<a class=\"elementor-button elementor-button-link elementor-size-sm\" href=\"\/fr\/product\/le-passeport-jeunes\/\" target=\"_blank\">\n\t\t\t\t\t\t<span class=\"elementor-button-content-wrapper\">\n\t\t\t\t\t\t\t\t\t<span class=\"elementor-button-text\">Acheter maintenant !<\/span>\n\t\t\t\t\t<\/span>\n\t\t\t\t\t<\/a>\n\t\t\t\t\t\t\t\t<\/div>\n\t\t\t\t<\/div>\n\t\t\t\t<\/div>\n\t\t<div class=\"elementor-element elementor-element-4b32eb29 e-con-full e-flex e-con e-child\" data-id=\"4b32eb29\" data-element_type=\"container\" data-e-type=\"container\" data-settings=\"{&quot;background_background&quot;:&quot;classic&quot;}\">\n\t\t<div class=\"elementor-element elementor-element-61bae809 e-con-full e-flex e-con e-child\" data-id=\"61bae809\" data-element_type=\"container\" data-e-type=\"container\">\n\t\t\t\t<div class=\"elementor-element elementor-element-4ba27814 elementor-widget elementor-widget-heading\" data-id=\"4ba27814\" data-element_type=\"widget\" data-e-type=\"widget\" data-widget_type=\"heading.default\">\n\t\t\t\t\t<h2 class=\"elementor-heading-title elementor-size-default\">Passeport R\u00e9gulier\n<\/h2>\t\t\t\t<\/div>\n\t\t\t\t<\/div>\n\t\t<div class=\"elementor-element elementor-element-55376859 e-con-full e-flex e-con e-child\" data-id=\"55376859\" data-element_type=\"container\" data-e-type=\"container\">\n\t\t\t\t<div class=\"elementor-element elementor-element-3e5f969d elementor-widget elementor-widget-text-editor\" data-id=\"3e5f969d\" data-element_type=\"widget\" data-e-type=\"widget\" data-widget_type=\"text-editor.default\">\n\t\t\t\t\t\t\t\t\t<p>$160<\/p>\t\t\t\t\t\t\t\t<\/div>\n\t\t\t\t<div class=\"elementor-element elementor-element-39292e09 elementor-widget elementor-widget-text-editor\" data-id=\"39292e09\" data-element_type=\"widget\" data-e-type=\"widget\" data-widget_type=\"text-editor.default\">\n\t\t\t\t\t\t\t\t\t<p>par personne<\/p>\t\t\t\t\t\t\t\t<\/div>\n\t\t\t\t<\/div>\n\t\t<div class=\"elementor-element elementor-element-8a2158d e-con-full e-flex e-con e-child\" data-id=\"8a2158d\" data-element_type=\"container\" data-e-type=\"container\">\n\t\t\t\t<div class=\"elementor-element elementor-element-3b56fbf3 elementor-widget elementor-widget-heading\" data-id=\"3b56fbf3\" data-element_type=\"widget\" data-e-type=\"widget\" data-widget_type=\"heading.default\">\n\t\t\t\t\t<h2 class=\"elementor-heading-title elementor-size-default\">Prix r\u00e9gulier 180 $<\/h2>\t\t\t\t<\/div>\n\t\t\t\t<\/div>\n\t\t<div class=\"elementor-element elementor-element-6793b927 e-con-full e-flex e-con e-child\" data-id=\"6793b927\" data-element_type=\"container\" data-e-type=\"container\">\n\t\t\t\t<div class=\"elementor-element elementor-element-48cc4a4e elementor-widget elementor-widget-text-editor\" data-id=\"48cc4a4e\" data-element_type=\"widget\" data-e-type=\"widget\" data-widget_type=\"text-editor.default\">\n\t\t\t\t\t\t\t\t\t<p><em><strong>Le Passeport R\u00e9gulier est destin\u00e9 \u00e0 toute personne \u00e2g\u00e9e de 26 ans et plus.<\/strong><\/em><\/p><p><strong>Comprend l\u2019entr\u00e9e \u00e0 tous les concerts r\u00e9guliers du Festival.<\/strong><\/p><p><strong>Recevez des r\u00e9ductions sur tous les \u00e9v\u00e9nements Premium. Recherchez les billets \u00e0 prix r\u00e9duit portant la mention <br \/>\u00ab\u2026avec passeport ! \u00bb.<\/strong><\/p>\t\t\t\t\t\t\t\t<\/div>\n\t\t\t\t<div class=\"elementor-element elementor-element-43c192e0 elementor-widget elementor-widget-button\" data-id=\"43c192e0\" data-element_type=\"widget\" data-e-type=\"widget\" data-widget_type=\"button.default\">\n\t\t\t\t\t\t\t\t\t\t<a class=\"elementor-button elementor-button-link elementor-size-sm\" href=\"\/fr\/product\/le-passeport-regulier\/\" target=\"_blank\">\n\t\t\t\t\t\t<span class=\"elementor-button-content-wrapper\">\n\t\t\t\t\t\t\t\t\t<span class=\"elementor-button-text\">Acheter maintenant !<\/span>\n\t\t\t\t\t<\/span>\n\t\t\t\t\t<\/a>\n\t\t\t\t\t\t\t\t<\/div>\n\t\t\t\t<\/div>\n\t\t\t\t<\/div>\n\t\t<div class=\"elementor-element elementor-element-6851d26d e-con-full e-flex e-con e-child\" data-id=\"6851d26d\" data-element_type=\"container\" data-e-type=\"container\" data-settings=\"{&quot;background_background&quot;:&quot;classic&quot;}\">\n\t\t<div class=\"elementor-element elementor-element-4caf86f4 e-con-full e-flex e-con e-child\" data-id=\"4caf86f4\" data-element_type=\"container\" data-e-type=\"container\">\n\t\t\t\t<div class=\"elementor-element elementor-element-54f26f74 elementor-widget elementor-widget-heading\" data-id=\"54f26f74\" data-element_type=\"widget\" data-e-type=\"widget\" data-widget_type=\"heading.default\">\n\t\t\t\t\t<h2 class=\"elementor-heading-title elementor-size-default\">Passeport Diamant\u200b\n<\/h2>\t\t\t\t<\/div>\n\t\t\t\t<\/div>\n\t\t<div class=\"elementor-element elementor-element-222006c5 e-con-full e-flex e-con e-child\" data-id=\"222006c5\" data-element_type=\"container\" data-e-type=\"container\">\n\t\t\t\t<div class=\"elementor-element elementor-element-22852c4c elementor-widget elementor-widget-text-editor\" data-id=\"22852c4c\" data-element_type=\"widget\" data-e-type=\"widget\" data-widget_type=\"text-editor.default\">\n\t\t\t\t\t\t\t\t\t<p>$575<\/p>\t\t\t\t\t\t\t\t<\/div>\n\t\t\t\t<div class=\"elementor-element elementor-element-69f8def5 elementor-widget elementor-widget-text-editor\" data-id=\"69f8def5\" data-element_type=\"widget\" data-e-type=\"widget\" data-widget_type=\"text-editor.default\">\n\t\t\t\t\t\t\t\t\t<p>par personne<\/p>\t\t\t\t\t\t\t\t<\/div>\n\t\t\t\t<\/div>\n\t\t<div class=\"elementor-element elementor-element-e1aaa0f e-con-full e-flex e-con e-child\" data-id=\"e1aaa0f\" data-element_type=\"container\" data-e-type=\"container\">\n\t\t\t\t<div class=\"elementor-element elementor-element-762005c7 elementor-widget elementor-widget-heading\" data-id=\"762005c7\" data-element_type=\"widget\" data-e-type=\"widget\" data-widget_type=\"heading.default\">\n\t\t\t\t\t<h2 class=\"elementor-heading-title elementor-size-default\">Prix r\u00e9gulier 600 $<\/h2>\t\t\t\t<\/div>\n\t\t\t\t<\/div>\n\t\t<div class=\"elementor-element elementor-element-6af37baf e-con-full e-flex e-con e-child\" data-id=\"6af37baf\" data-element_type=\"container\" data-e-type=\"container\">\n\t\t\t\t<div class=\"elementor-element elementor-element-2797ed14 elementor-widget elementor-widget-text-editor\" data-id=\"2797ed14\" data-element_type=\"widget\" data-e-type=\"widget\" data-widget_type=\"text-editor.default\">\n\t\t\t\t\t\t\t\t\t<p><strong>Comprend des places en Section R\u00e9serv\u00e9e pour tous les concerts du Festival, y compris les \u00e9v\u00e9nements Premium.<\/strong><\/p><p><strong>Comprend un livret souvenir gratuit du programme.<\/strong><\/p>\t\t\t\t\t\t\t\t<\/div>\n\t\t\t\t<div class=\"elementor-element elementor-element-e797387 elementor-widget elementor-widget-button\" data-id=\"e797387\" data-element_type=\"widget\" data-e-type=\"widget\" data-widget_type=\"button.default\">\n\t\t\t\t\t\t\t\t\t\t<a class=\"elementor-button elementor-button-link elementor-size-sm\" href=\"\/fr\/product\/le-passeport-diamant\/\" target=\"_blank\">\n\t\t\t\t\t\t<span class=\"elementor-button-content-wrapper\">\n\t\t\t\t\t\t\t\t\t<span class=\"elementor-button-text\">Acheter maintenant !<\/span>\n\t\t\t\t\t<\/span>\n\t\t\t\t\t<\/a>\n\t\t\t\t\t\t\t\t<\/div>\n\t\t\t\t<\/div>\n\t\t\t\t<\/div>\n\t\t\t\t\t<\/div>\n\t\t\t\t<\/div>\n\t\t<div class=\"elementor-element elementor-element-dc7260f e-flex e-con-boxed e-con e-parent\" data-id=\"dc7260f\" data-element_type=\"container\" data-e-type=\"container\">\n\t\t\t\t\t<div class=\"e-con-inner\">\n\t\t<div class=\"elementor-element elementor-element-e38a3bb e-con-full e-flex e-con e-child\" data-id=\"e38a3bb\" data-element_type=\"container\" data-e-type=\"container\">\n\t\t\t\t<div class=\"elementor-element elementor-element-135ff37 elementor-widget elementor-widget-heading\" data-id=\"135ff37\" data-element_type=\"widget\" data-e-type=\"widget\" data-widget_type=\"heading.default\">\n\t\t\t\t\t<h2 class=\"elementor-heading-title elementor-size-default\">Le passeport 2026 est une caract\u00e9ristique int\u00e9ressante du Festival d\u2019\u00e9t\u00e9 Musique et Autres Mondes !<\/h2>\t\t\t\t<\/div>\n\t\t\t\t<\/div>\n\t\t<div class=\"elementor-element elementor-element-822d399 e-con-full e-flex e-con e-child\" data-id=\"822d399\" data-element_type=\"container\" data-e-type=\"container\">\n\t\t\t\t<div class=\"elementor-element elementor-element-7281e31 elementor-widget elementor-widget-text-editor\" data-id=\"7281e31\" data-element_type=\"widget\" data-e-type=\"widget\" data-widget_type=\"text-editor.default\">\n\t\t\t\t\t\t\t\t\t<p>Achetez un Passeport et recevez l\u2019entr\u00e9e \u00e0 la plupart des concerts du festival Musique et Autres Mondes et des r\u00e9ductions pour des \u00e9v\u00e9nements premium en 2026 !<br \/>Le Passeport Diamant vous permettra d\u2019assister \u00e0 tous les concerts et \u00e9v\u00e9nements du festival sans frais suppl\u00e9mentaires.<\/p><p>Les Passeports R\u00e9guliers et Jeunes vous permettront d\u2019assister \u00e0 tous les concerts r\u00e9guliers du festival sans frais suppl\u00e9mentaires. Vous b\u00e9n\u00e9ficierez de r\u00e9ductions sp\u00e9ciales sur tous les \u00e9v\u00e9nements Premium pendant le festival 2026 !<\/p><p>Veuillez noter que le Passeport 2026 est un passeport physique. Vous devrez pr\u00e9senter votre passeport pour entrer \u00e0 tous les concerts. Le passeport n\u2019est pas transf\u00e9rable et ne peut \u00eatre utilis\u00e9 pour plus d\u2019une personne.<\/p><p>Vous recevrez votre passeport par la poste pour les commandes re\u00e7ues jusqu\u2019\u00e0 17 h le jeudi 25 juin 2026. Les passeports achet\u00e9s apr\u00e8s cette date pourront \u00eatre r\u00e9cup\u00e9r\u00e9s le 4 juillet 2026 au Centre Carleton Dominion-Chalmers.<\/p><p>Une fois que la programmation compl\u00e8te du festival aura \u00e9t\u00e9 publi\u00e9e, vous recevrez un formulaire par courrier \u00e9lectronique vous permettant d\u2019indiquer les concerts auxquels vous souhaitez assist.<\/p><p><strong>Des billets individuels sont \u00e9galement disponibles pour chaque \u00e9v\u00e9nement ! Sous r\u00e9serve de disponibilit\u00e9, des billets individuels seront en vente \u00e0 l&rsquo;entr\u00e9e !<\/strong><\/p>\t\t\t\t\t\t\t\t<\/div>\n\t\t\t\t<div class=\"elementor-element elementor-element-f34364d elementor-align-left elementor-widget elementor-widget-button\" data-id=\"f34364d\" data-element_type=\"widget\" data-e-type=\"widget\" data-widget_type=\"button.default\">\n\t\t\t\t\t\t\t\t\t\t<a class=\"elementor-button elementor-button-link elementor-size-sm\" href=\"https:\/\/musicandbeyond.ca\/wp-content\/uploads\/2025\/08\/2026_Ticketing-Policy-Fr.pdf\" target=\"_blank\">\n\t\t\t\t\t\t<span class=\"elementor-button-content-wrapper\">\n\t\t\t\t\t\t\t\t\t<span class=\"elementor-button-text\">Politique et informations sur la billetterie<\/span>\n\t\t\t\t\t<\/span>\n\t\t\t\t\t<\/a>\n\t\t\t\t\t\t\t\t<\/div>\n\t\t\t\t<div class=\"elementor-element elementor-element-94e4a4d elementor-widget elementor-widget-heading\" data-id=\"94e4a4d\" data-element_type=\"widget\" data-e-type=\"widget\" data-widget_type=\"heading.default\">\n\t\t\t\t\t<h2 class=\"elementor-heading-title elementor-size-default\">Veuillez nous contacter pour toute question.<\/h2>\t\t\t\t<\/div>\n\t\t\t\t<\/div>\n\t\t<div class=\"elementor-element elementor-element-8c8c24e e-con-full e-flex e-con e-child\" data-id=\"8c8c24e\" data-element_type=\"container\" data-e-type=\"container\">\n\t\t\t\t<div class=\"elementor-element elementor-element-48d91ae elementor-widget elementor-widget-button\" data-id=\"48d91ae\" data-element_type=\"widget\" data-e-type=\"widget\" data-widget_type=\"button.default\">\n\t\t\t\t\t\t\t\t\t\t<a class=\"elementor-button elementor-button-link elementor-size-sm\" href=\"https:\/\/musicandbeyond.ca\/wp-content\/uploads\/2025\/08\/2026_Ticketing-Policy-Fr.pdf\" target=\"_blank\">\n\t\t\t\t\t\t<span class=\"elementor-button-content-wrapper\">\n\t\t\t\t\t\t\t\t\t<span class=\"elementor-button-text\">Commencer<\/span>\n\t\t\t\t\t<\/span>\n\t\t\t\t\t<\/a>\n\t\t\t\t\t\t\t\t<\/div>\n\t\t\t\t<\/div>\n\t\t\t\t\t<\/div>\n\t\t\t\t<\/div>\n\t\t\t\t<\/div>\n\t\t","protected":false},"excerpt":{"rendered":"<p>Passeports pour le festival Musique et Autres Mondes Profitez d\u2019\u00e9conomies instantan\u00e9es en achetant un passeport pour le festival ! Le passeport de Musique et Autres Mondes est un passeport physique, [&hellip;]<\/p>\n","protected":false},"author":3,"featured_media":0,"parent":0,"menu_order":0,"comment_status":"closed","ping_status":"closed","template":"","meta":{"_acf_changed":false,"_price":"","_stock":"","_tribe_ticket_header":"","_tribe_default_ticket_provider":"","_tribe_ticket_capacity":"0","_ticket_start_date":"","_ticket_end_date":"","_tribe_ticket_show_description":"","_tribe_ticket_show_not_going":false,"_tribe_ticket_use_global_stock":"","_tribe_ticket_global_stock_level":"","_global_stock_mode":"","_global_stock_cap":"","_tribe_rsvp_for_event":"","_tribe_ticket_going_count":"","_tribe_ticket_not_going_count":"","_tribe_tickets_list":"[]","_tribe_ticket_has_attendee_info_fields":false,"footnotes":"","_tec_slr_enabled":"","_tec_slr_layout":""},"class_list":["post-2619","page","type-page","status-publish","hentry"],"acf":[],"yoast_head":"<!-- This site is optimized with the Yoast SEO plugin v27.2 - https:\/\/yoast.com\/product\/yoast-seo-wordpress\/ -->\n<title>Passeports Festival | Musique et Autres Mondes<\/title>\n<meta name=\"description\" content=\"D\u00e9couvrez notre Passeports Festival sur Musique et Autres Mondes. Apprenez-en davantage sur nos \u00e9v\u00e9nements, concerts et exp\u00e9riences exclusives.\" \/>\n<meta name=\"robots\" content=\"index, follow, max-snippet:-1, max-image-preview:large, max-video-preview:-1\" \/>\n<link rel=\"canonical\" href=\"https:\/\/musicandbeyond.ca\/fr\/passeports\/\" \/>\n<meta property=\"og:locale\" content=\"fr_FR\" \/>\n<meta property=\"og:type\" content=\"article\" \/>\n<meta property=\"og:title\" content=\"Passeports Festival | Musique et Autres Mondes\" \/>\n<meta property=\"og:description\" content=\"D\u00e9couvrez notre Passeports Festival sur Musique et Autres Mondes. Apprenez-en davantage sur nos \u00e9v\u00e9nements, concerts et exp\u00e9riences exclusives.\" \/>\n<meta property=\"og:url\" content=\"https:\/\/musicandbeyond.ca\/fr\/passeports\/\" \/>\n<meta property=\"og:site_name\" content=\"Musique et Autres Mondes\" \/>\n<meta property=\"article:publisher\" content=\"https:\/\/www.facebook.com\/musicandbeyond\" \/>\n<meta property=\"article:modified_time\" content=\"2026-03-05T05:06:59+00:00\" \/>\n<meta property=\"og:image\" content=\"https:\/\/musicandbeyond.ca\/wp-content\/uploads\/2025\/01\/I1.png\" \/>\n\t<meta property=\"og:image:width\" content=\"1200\" \/>\n\t<meta property=\"og:image:height\" content=\"675\" \/>\n\t<meta property=\"og:image:type\" content=\"image\/png\" \/>\n<meta name=\"twitter:card\" content=\"summary_large_image\" \/>\n<meta name=\"twitter:site\" content=\"@musicbeyondott\" \/>\n<meta name=\"twitter:label1\" content=\"Dur\u00e9e de lecture estim\u00e9e\" \/>\n\t<meta name=\"twitter:data1\" content=\"2 minutes\" \/>\n<script type=\"application\/ld+json\" class=\"yoast-schema-graph\">{\"@context\":\"https:\/\/schema.org\",\"@graph\":[{\"@type\":\"WebPage\",\"@id\":\"https:\/\/musicandbeyond.ca\/fr\/passeports\/\",\"url\":\"https:\/\/musicandbeyond.ca\/fr\/passeports\/\",\"name\":\"Passeports Festival | Musique et Autres Mondes\",\"isPartOf\":{\"@id\":\"https:\/\/musicandbeyond.ca\/fr\/#website\"},\"datePublished\":\"2025-01-21T19:25:26+00:00\",\"dateModified\":\"2026-03-05T05:06:59+00:00\",\"description\":\"D\u00e9couvrez notre Passeports Festival sur Musique et Autres Mondes. Apprenez-en davantage sur nos \u00e9v\u00e9nements, concerts et exp\u00e9riences exclusives.\",\"breadcrumb\":{\"@id\":\"https:\/\/musicandbeyond.ca\/fr\/passeports\/#breadcrumb\"},\"inLanguage\":\"fr-FR\",\"potentialAction\":[{\"@type\":\"ReadAction\",\"target\":[\"https:\/\/musicandbeyond.ca\/fr\/passeports\/\"]}]},{\"@type\":\"BreadcrumbList\",\"@id\":\"https:\/\/musicandbeyond.ca\/fr\/passeports\/#breadcrumb\",\"itemListElement\":[{\"@type\":\"ListItem\",\"position\":1,\"name\":\"Home\",\"item\":\"https:\/\/musicandbeyond.ca\/fr\/\"},{\"@type\":\"ListItem\",\"position\":2,\"name\":\"Passeports Festival\"}]},{\"@type\":\"WebSite\",\"@id\":\"https:\/\/musicandbeyond.ca\/fr\/#website\",\"url\":\"https:\/\/musicandbeyond.ca\/fr\/\",\"name\":\"Music and Beyond\",\"description\":\"4-17 juillet\",\"publisher\":{\"@id\":\"https:\/\/musicandbeyond.ca\/fr\/#organization\"},\"alternateName\":\"M&B\",\"potentialAction\":[{\"@type\":\"SearchAction\",\"target\":{\"@type\":\"EntryPoint\",\"urlTemplate\":\"https:\/\/musicandbeyond.ca\/fr\/?s={search_term_string}\"},\"query-input\":{\"@type\":\"PropertyValueSpecification\",\"valueRequired\":true,\"valueName\":\"search_term_string\"}}],\"inLanguage\":\"fr-FR\"},{\"@type\":\"Organization\",\"@id\":\"https:\/\/musicandbeyond.ca\/fr\/#organization\",\"name\":\"Music and beyond | Musique et Autres Mondes\",\"url\":\"https:\/\/musicandbeyond.ca\/fr\/\",\"logo\":{\"@type\":\"ImageObject\",\"inLanguage\":\"fr-FR\",\"@id\":\"https:\/\/musicandbeyond.ca\/fr\/#\/schema\/logo\/image\/\",\"url\":\"\",\"contentUrl\":\"\",\"caption\":\"Music and beyond | Musique et Autres Mondes\"},\"image\":{\"@id\":\"https:\/\/musicandbeyond.ca\/fr\/#\/schema\/logo\/image\/\"},\"sameAs\":[\"https:\/\/www.facebook.com\/musicandbeyond\",\"https:\/\/x.com\/musicbeyondott\",\"https:\/\/www.instagram.com\/musicbeyondott\/\",\"https:\/\/www.youtube.com\/user\/musicandbeyondvideo\"]}]}<\/script>\n<!-- \/ Yoast SEO plugin. -->","yoast_head_json":{"title":"Passeports Festival | Musique et Autres Mondes","description":"D\u00e9couvrez notre Passeports Festival sur Musique et Autres Mondes. Apprenez-en davantage sur nos \u00e9v\u00e9nements, concerts et exp\u00e9riences exclusives.","robots":{"index":"index","follow":"follow","max-snippet":"max-snippet:-1","max-image-preview":"max-image-preview:large","max-video-preview":"max-video-preview:-1"},"canonical":"https:\/\/musicandbeyond.ca\/fr\/passeports\/","og_locale":"fr_FR","og_type":"article","og_title":"Passeports Festival | Musique et Autres Mondes","og_description":"D\u00e9couvrez notre Passeports Festival sur Musique et Autres Mondes. Apprenez-en davantage sur nos \u00e9v\u00e9nements, concerts et exp\u00e9riences exclusives.","og_url":"https:\/\/musicandbeyond.ca\/fr\/passeports\/","og_site_name":"Musique et Autres Mondes","article_publisher":"https:\/\/www.facebook.com\/musicandbeyond","article_modified_time":"2026-03-05T05:06:59+00:00","og_image":[{"width":1200,"height":675,"url":"https:\/\/musicandbeyond.ca\/wp-content\/uploads\/2025\/01\/I1.png","type":"image\/png"}],"twitter_card":"summary_large_image","twitter_site":"@musicbeyondott","twitter_misc":{"Dur\u00e9e de lecture estim\u00e9e":"2 minutes"},"schema":{"@context":"https:\/\/schema.org","@graph":[{"@type":"WebPage","@id":"https:\/\/musicandbeyond.ca\/fr\/passeports\/","url":"https:\/\/musicandbeyond.ca\/fr\/passeports\/","name":"Passeports Festival | Musique et Autres Mondes","isPartOf":{"@id":"https:\/\/musicandbeyond.ca\/fr\/#website"},"datePublished":"2025-01-21T19:25:26+00:00","dateModified":"2026-03-05T05:06:59+00:00","description":"D\u00e9couvrez notre Passeports Festival sur Musique et Autres Mondes. Apprenez-en davantage sur nos \u00e9v\u00e9nements, concerts et exp\u00e9riences exclusives.","breadcrumb":{"@id":"https:\/\/musicandbeyond.ca\/fr\/passeports\/#breadcrumb"},"inLanguage":"fr-FR","potentialAction":[{"@type":"ReadAction","target":["https:\/\/musicandbeyond.ca\/fr\/passeports\/"]}]},{"@type":"BreadcrumbList","@id":"https:\/\/musicandbeyond.ca\/fr\/passeports\/#breadcrumb","itemListElement":[{"@type":"ListItem","position":1,"name":"Home","item":"https:\/\/musicandbeyond.ca\/fr\/"},{"@type":"ListItem","position":2,"name":"Passeports Festival"}]},{"@type":"WebSite","@id":"https:\/\/musicandbeyond.ca\/fr\/#website","url":"https:\/\/musicandbeyond.ca\/fr\/","name":"Music and Beyond","description":"4-17 juillet","publisher":{"@id":"https:\/\/musicandbeyond.ca\/fr\/#organization"},"alternateName":"M&B","potentialAction":[{"@type":"SearchAction","target":{"@type":"EntryPoint","urlTemplate":"https:\/\/musicandbeyond.ca\/fr\/?s={search_term_string}"},"query-input":{"@type":"PropertyValueSpecification","valueRequired":true,"valueName":"search_term_string"}}],"inLanguage":"fr-FR"},{"@type":"Organization","@id":"https:\/\/musicandbeyond.ca\/fr\/#organization","name":"Music and beyond | Musique et Autres Mondes","url":"https:\/\/musicandbeyond.ca\/fr\/","logo":{"@type":"ImageObject","inLanguage":"fr-FR","@id":"https:\/\/musicandbeyond.ca\/fr\/#\/schema\/logo\/image\/","url":"","contentUrl":"","caption":"Music and beyond | Musique et Autres Mondes"},"image":{"@id":"https:\/\/musicandbeyond.ca\/fr\/#\/schema\/logo\/image\/"},"sameAs":["https:\/\/www.facebook.com\/musicandbeyond","https:\/\/x.com\/musicbeyondott","https:\/\/www.instagram.com\/musicbeyondott\/","https:\/\/www.youtube.com\/user\/musicandbeyondvideo"]}]}},"ticketed":false,"_links":{"self":[{"href":"https:\/\/musicandbeyond.ca\/fr\/wp-json\/wp\/v2\/pages\/2619","targetHints":{"allow":["GET"]}}],"collection":[{"href":"https:\/\/musicandbeyond.ca\/fr\/wp-json\/wp\/v2\/pages"}],"about":[{"href":"https:\/\/musicandbeyond.ca\/fr\/wp-json\/wp\/v2\/types\/page"}],"author":[{"embeddable":true,"href":"https:\/\/musicandbeyond.ca\/fr\/wp-json\/wp\/v2\/users\/3"}],"replies":[{"embeddable":true,"href":"https:\/\/musicandbeyond.ca\/fr\/wp-json\/wp\/v2\/comments?post=2619"}],"version-history":[{"count":9,"href":"https:\/\/musicandbeyond.ca\/fr\/wp-json\/wp\/v2\/pages\/2619\/revisions"}],"predecessor-version":[{"id":22102,"href":"https:\/\/musicandbeyond.ca\/fr\/wp-json\/wp\/v2\/pages\/2619\/revisions\/22102"}],"wp:attachment":[{"href":"https:\/\/musicandbeyond.ca\/fr\/wp-json\/wp\/v2\/media?parent=2619"}],"curies":[{"name":"wp","href":"https:\/\/api.w.org\/{rel}","templated":true}]}}