{"id":16500,"date":"2025-01-21T14:24:20","date_gmt":"2025-01-21T19:24:20","guid":{"rendered":"https:\/\/musicandbeyond.ca\/?page_id=16500"},"modified":"2025-09-10T14:17:29","modified_gmt":"2025-09-10T18:17:29","slug":"evenements-2025","status":"publish","type":"page","link":"https:\/\/musicandbeyond.ca\/fr\/evenements-2025\/","title":{"rendered":"\u00c9v\u00e9nements"},"content":{"rendered":"","protected":false},"excerpt":{"rendered":"","protected":false},"author":5,"featured_media":0,"parent":0,"menu_order":0,"comment_status":"closed","ping_status":"closed","template":"","meta":{"_acf_changed":false,"_price":"","_stock":"","_tribe_ticket_header":"","_tribe_default_ticket_provider":"","_tribe_ticket_capacity":"0","_ticket_start_date":"","_ticket_end_date":"","_tribe_ticket_show_description":"","_tribe_ticket_show_not_going":false,"_tribe_ticket_use_global_stock":"","_tribe_ticket_global_stock_level":"","_global_stock_mode":"","_global_stock_cap":"","_tribe_rsvp_for_event":"","_tribe_ticket_going_count":"","_tribe_ticket_not_going_count":"","_tribe_tickets_list":"[]","_tribe_ticket_has_attendee_info_fields":false,"footnotes":"","_tec_slr_enabled":"","_tec_slr_layout":""},"class_list":["post-16500","page","type-page","status-publish","hentry"],"acf":[],"yoast_head":"<!-- This site is optimized with the Yoast SEO plugin v27.5 - https:\/\/yoast.com\/product\/yoast-seo-wordpress\/ -->\n<title>\u00c9v\u00e9nements | Musique et Autres Mondes<\/title>\n<meta name=\"description\" content=\"\u00c9v\u00e9nements de Musique et Autres Mondes. Apprenez-en davantage sur nos \u00e9v\u00e9nements, concerts et exp\u00e9riences exclusives.\" \/>\n<meta name=\"robots\" content=\"index, follow, max-snippet:-1, max-image-preview:large, max-video-preview:-1\" \/>\n<link rel=\"canonical\" href=\"https:\/\/musicandbeyond.ca\/fr\/evenements-2025\/\" \/>\n<meta property=\"og:locale\" content=\"fr_FR\" \/>\n<meta property=\"og:type\" content=\"article\" \/>\n<meta property=\"og:title\" content=\"\u00c9v\u00e9nements | Musique et Autres Mondes\" \/>\n<meta property=\"og:description\" content=\"\u00c9v\u00e9nements de Musique et Autres Mondes. Apprenez-en davantage sur nos \u00e9v\u00e9nements, concerts et exp\u00e9riences exclusives.\" \/>\n<meta property=\"og:url\" content=\"https:\/\/musicandbeyond.ca\/fr\/evenements-2025\/\" \/>\n<meta property=\"og:site_name\" content=\"Musique et Autres Mondes\" \/>\n<meta property=\"article:publisher\" content=\"https:\/\/www.facebook.com\/musicandbeyond\" \/>\n<meta property=\"article:modified_time\" content=\"2025-09-10T18:17:29+00:00\" \/>\n<meta property=\"og:image\" content=\"https:\/\/musicandbeyond.ca\/wp-content\/uploads\/2025\/01\/I1.png\" \/>\n\t<meta property=\"og:image:width\" content=\"1200\" \/>\n\t<meta property=\"og:image:height\" content=\"675\" \/>\n\t<meta property=\"og:image:type\" content=\"image\/png\" \/>\n<meta name=\"twitter:card\" content=\"summary_large_image\" \/>\n<meta name=\"twitter:site\" content=\"@musicbeyondott\" \/>\n<script type=\"application\/ld+json\" class=\"yoast-schema-graph\">{\"@context\":\"https:\\\/\\\/schema.org\",\"@graph\":[{\"@type\":\"WebPage\",\"@id\":\"https:\\\/\\\/musicandbeyond.ca\\\/fr\\\/evenements-2025\\\/\",\"url\":\"https:\\\/\\\/musicandbeyond.ca\\\/fr\\\/evenements-2025\\\/\",\"name\":\"\u00c9v\u00e9nements | Musique et Autres Mondes\",\"isPartOf\":{\"@id\":\"https:\\\/\\\/musicandbeyond.ca\\\/fr\\\/#website\"},\"datePublished\":\"2025-01-21T19:24:20+00:00\",\"dateModified\":\"2025-09-10T18:17:29+00:00\",\"description\":\"\u00c9v\u00e9nements de Musique et Autres Mondes. Apprenez-en davantage sur nos \u00e9v\u00e9nements, concerts et exp\u00e9riences exclusives.\",\"breadcrumb\":{\"@id\":\"https:\\\/\\\/musicandbeyond.ca\\\/fr\\\/evenements-2025\\\/#breadcrumb\"},\"inLanguage\":\"fr-FR\",\"potentialAction\":[{\"@type\":\"ReadAction\",\"target\":[\"https:\\\/\\\/musicandbeyond.ca\\\/fr\\\/evenements-2025\\\/\"]}]},{\"@type\":\"BreadcrumbList\",\"@id\":\"https:\\\/\\\/musicandbeyond.ca\\\/fr\\\/evenements-2025\\\/#breadcrumb\",\"itemListElement\":[{\"@type\":\"ListItem\",\"position\":1,\"name\":\"Home\",\"item\":\"https:\\\/\\\/musicandbeyond.ca\\\/fr\\\/\"},{\"@type\":\"ListItem\",\"position\":2,\"name\":\"\u00c9v\u00e9nements\"}]},{\"@type\":\"WebSite\",\"@id\":\"https:\\\/\\\/musicandbeyond.ca\\\/fr\\\/#website\",\"url\":\"https:\\\/\\\/musicandbeyond.ca\\\/fr\\\/\",\"name\":\"Music and Beyond\",\"description\":\"4-17 juillet\",\"publisher\":{\"@id\":\"https:\\\/\\\/musicandbeyond.ca\\\/fr\\\/#organization\"},\"alternateName\":\"M&B\",\"potentialAction\":[{\"@type\":\"SearchAction\",\"target\":{\"@type\":\"EntryPoint\",\"urlTemplate\":\"https:\\\/\\\/musicandbeyond.ca\\\/fr\\\/?s={search_term_string}\"},\"query-input\":{\"@type\":\"PropertyValueSpecification\",\"valueRequired\":true,\"valueName\":\"search_term_string\"}}],\"inLanguage\":\"fr-FR\"},{\"@type\":\"Organization\",\"@id\":\"https:\\\/\\\/musicandbeyond.ca\\\/fr\\\/#organization\",\"name\":\"Music and beyond | Musique et Autres Mondes\",\"url\":\"https:\\\/\\\/musicandbeyond.ca\\\/fr\\\/\",\"logo\":{\"@type\":\"ImageObject\",\"inLanguage\":\"fr-FR\",\"@id\":\"https:\\\/\\\/musicandbeyond.ca\\\/fr\\\/#\\\/schema\\\/logo\\\/image\\\/\",\"url\":\"\",\"contentUrl\":\"\",\"caption\":\"Music and beyond | Musique et Autres Mondes\"},\"image\":{\"@id\":\"https:\\\/\\\/musicandbeyond.ca\\\/fr\\\/#\\\/schema\\\/logo\\\/image\\\/\"},\"sameAs\":[\"https:\\\/\\\/www.facebook.com\\\/musicandbeyond\",\"https:\\\/\\\/x.com\\\/musicbeyondott\",\"https:\\\/\\\/www.instagram.com\\\/musicbeyondott\\\/\",\"https:\\\/\\\/www.youtube.com\\\/user\\\/musicandbeyondvideo\"]}]}<\/script>\n<!-- \/ Yoast SEO plugin. -->","yoast_head_json":{"title":"\u00c9v\u00e9nements | Musique et Autres Mondes","description":"\u00c9v\u00e9nements de Musique et Autres Mondes. Apprenez-en davantage sur nos \u00e9v\u00e9nements, concerts et exp\u00e9riences exclusives.","robots":{"index":"index","follow":"follow","max-snippet":"max-snippet:-1","max-image-preview":"max-image-preview:large","max-video-preview":"max-video-preview:-1"},"canonical":"https:\/\/musicandbeyond.ca\/fr\/evenements-2025\/","og_locale":"fr_FR","og_type":"article","og_title":"\u00c9v\u00e9nements | Musique et Autres Mondes","og_description":"\u00c9v\u00e9nements de Musique et Autres Mondes. Apprenez-en davantage sur nos \u00e9v\u00e9nements, concerts et exp\u00e9riences exclusives.","og_url":"https:\/\/musicandbeyond.ca\/fr\/evenements-2025\/","og_site_name":"Musique et Autres Mondes","article_publisher":"https:\/\/www.facebook.com\/musicandbeyond","article_modified_time":"2025-09-10T18:17:29+00:00","og_image":[{"width":1200,"height":675,"url":"https:\/\/musicandbeyond.ca\/wp-content\/uploads\/2025\/01\/I1.png","type":"image\/png"}],"twitter_card":"summary_large_image","twitter_site":"@musicbeyondott","schema":{"@context":"https:\/\/schema.org","@graph":[{"@type":"WebPage","@id":"https:\/\/musicandbeyond.ca\/fr\/evenements-2025\/","url":"https:\/\/musicandbeyond.ca\/fr\/evenements-2025\/","name":"\u00c9v\u00e9nements | Musique et Autres Mondes","isPartOf":{"@id":"https:\/\/musicandbeyond.ca\/fr\/#website"},"datePublished":"2025-01-21T19:24:20+00:00","dateModified":"2025-09-10T18:17:29+00:00","description":"\u00c9v\u00e9nements de Musique et Autres Mondes. Apprenez-en davantage sur nos \u00e9v\u00e9nements, concerts et exp\u00e9riences exclusives.","breadcrumb":{"@id":"https:\/\/musicandbeyond.ca\/fr\/evenements-2025\/#breadcrumb"},"inLanguage":"fr-FR","potentialAction":[{"@type":"ReadAction","target":["https:\/\/musicandbeyond.ca\/fr\/evenements-2025\/"]}]},{"@type":"BreadcrumbList","@id":"https:\/\/musicandbeyond.ca\/fr\/evenements-2025\/#breadcrumb","itemListElement":[{"@type":"ListItem","position":1,"name":"Home","item":"https:\/\/musicandbeyond.ca\/fr\/"},{"@type":"ListItem","position":2,"name":"\u00c9v\u00e9nements"}]},{"@type":"WebSite","@id":"https:\/\/musicandbeyond.ca\/fr\/#website","url":"https:\/\/musicandbeyond.ca\/fr\/","name":"Music and Beyond","description":"4-17 juillet","publisher":{"@id":"https:\/\/musicandbeyond.ca\/fr\/#organization"},"alternateName":"M&B","potentialAction":[{"@type":"SearchAction","target":{"@type":"EntryPoint","urlTemplate":"https:\/\/musicandbeyond.ca\/fr\/?s={search_term_string}"},"query-input":{"@type":"PropertyValueSpecification","valueRequired":true,"valueName":"search_term_string"}}],"inLanguage":"fr-FR"},{"@type":"Organization","@id":"https:\/\/musicandbeyond.ca\/fr\/#organization","name":"Music and beyond | Musique et Autres Mondes","url":"https:\/\/musicandbeyond.ca\/fr\/","logo":{"@type":"ImageObject","inLanguage":"fr-FR","@id":"https:\/\/musicandbeyond.ca\/fr\/#\/schema\/logo\/image\/","url":"","contentUrl":"","caption":"Music and beyond | Musique et Autres Mondes"},"image":{"@id":"https:\/\/musicandbeyond.ca\/fr\/#\/schema\/logo\/image\/"},"sameAs":["https:\/\/www.facebook.com\/musicandbeyond","https:\/\/x.com\/musicbeyondott","https:\/\/www.instagram.com\/musicbeyondott\/","https:\/\/www.youtube.com\/user\/musicandbeyondvideo"]}]}},"ticketed":false,"_links":{"self":[{"href":"https:\/\/musicandbeyond.ca\/fr\/wp-json\/wp\/v2\/pages\/16500","targetHints":{"allow":["GET"]}}],"collection":[{"href":"https:\/\/musicandbeyond.ca\/fr\/wp-json\/wp\/v2\/pages"}],"about":[{"href":"https:\/\/musicandbeyond.ca\/fr\/wp-json\/wp\/v2\/types\/page"}],"author":[{"embeddable":true,"href":"https:\/\/musicandbeyond.ca\/fr\/wp-json\/wp\/v2\/users\/5"}],"replies":[{"embeddable":true,"href":"https:\/\/musicandbeyond.ca\/fr\/wp-json\/wp\/v2\/comments?post=16500"}],"version-history":[{"count":0,"href":"https:\/\/musicandbeyond.ca\/fr\/wp-json\/wp\/v2\/pages\/16500\/revisions"}],"wp:attachment":[{"href":"https:\/\/musicandbeyond.ca\/fr\/wp-json\/wp\/v2\/media?parent=16500"}],"curies":[{"name":"wp","href":"https:\/\/api.w.org\/{rel}","templated":true}]}}